{"id":3971,"date":"2022-12-11T08:55:46","date_gmt":"2022-12-11T08:55:46","guid":{"rendered":"https:\/\/www.lakehotellapieve.it\/itineraries-bikes-lake-iseo\/"},"modified":"2023-05-24T14:48:06","modified_gmt":"2023-05-24T14:48:06","slug":"bike-itineraries","status":"publish","type":"page","link":"https:\/\/www.lakehotellapieve.it\/fr\/bike-itineraries\/","title":{"rendered":"Bike Itineraries"},"content":{"rendered":"\t\t<div data-elementor-type=\"wp-page\" data-elementor-id=\"3971\" class=\"elementor elementor-3971 elementor-2609\" data-elementor-post-type=\"page\">\n\t\t\t\t\t\t<section class=\"elementor-section elementor-top-section elementor-element elementor-element-cae8615 lapieve-text text-center text-long text-white lapieve-image-text-header elementor-section-boxed elementor-section-height-default elementor-section-height-default\" data-id=\"cae8615\" data-element_type=\"section\" data-e-type=\"section\" data-settings=\"{&quot;background_background&quot;:&quot;classic&quot;}\">\n\t\t\t\t\t\t\t<div class=\"elementor-background-overlay\"><\/div>\n\t\t\t\t\t\t\t<div class=\"elementor-container elementor-column-gap-default\">\n\t\t\t\t\t<div class=\"elementor-column elementor-col-100 elementor-top-column elementor-element elementor-element-a880959\" data-id=\"a880959\" data-element_type=\"column\" data-e-type=\"column\">\n\t\t\t<div class=\"elementor-widget-wrap elementor-element-populated\">\n\t\t\t\t\t\t<div class=\"elementor-element elementor-element-015402c elementor-widget elementor-widget-heading\" data-id=\"015402c\" data-element_type=\"widget\" data-e-type=\"widget\" data-widget_type=\"heading.default\">\n\t\t\t\t<div class=\"elementor-widget-container\">\n\t\t\t\t\t<h4 class=\"elementor-heading-title elementor-size-default\">Nouveaux horizons sur le lac<\/h4>\t\t\t\t<\/div>\n\t\t\t\t<\/div>\n\t\t\t\t<div class=\"elementor-element elementor-element-ecc91e8 elementor-widget elementor-widget-heading\" data-id=\"ecc91e8\" data-element_type=\"widget\" data-e-type=\"widget\" data-widget_type=\"heading.default\">\n\t\t\t\t<div class=\"elementor-widget-container\">\n\t\t\t\t\t<h1 class=\"elementor-heading-title elementor-size-default\">ITIN\u00c9RAIRES V\u00c9LO<\/h1>\t\t\t\t<\/div>\n\t\t\t\t<\/div>\n\t\t\t\t<div class=\"elementor-element elementor-element-73d6fd3 lapieve-signature elementor-widget elementor-widget-heading\" data-id=\"73d6fd3\" data-element_type=\"widget\" data-e-type=\"widget\" data-widget_type=\"heading.default\">\n\t\t\t\t<div class=\"elementor-widget-container\">\n\t\t\t\t\t<h3 class=\"elementor-heading-title elementor-size-default\">L'aventure vous attend au bord du lac d'Iseo.<\/h3>\t\t\t\t<\/div>\n\t\t\t\t<\/div>\n\t\t\t\t\t<\/div>\n\t\t<\/div>\n\t\t\t\t\t<\/div>\n\t\t<\/section>\n\t\t\t\t<section class=\"elementor-section elementor-top-section elementor-element elementor-element-00da232 lapieve-text text-center text-long  elementor-section-boxed elementor-section-height-default elementor-section-height-default\" data-id=\"00da232\" data-element_type=\"section\" data-e-type=\"section\" data-settings=\"{&quot;background_background&quot;:&quot;classic&quot;}\">\n\t\t\t\t\t\t\t<div class=\"elementor-background-overlay\"><\/div>\n\t\t\t\t\t\t\t<div class=\"elementor-container elementor-column-gap-default\">\n\t\t\t\t\t<div class=\"elementor-column elementor-col-100 elementor-top-column elementor-element elementor-element-bf499d1\" data-id=\"bf499d1\" data-element_type=\"column\" data-e-type=\"column\">\n\t\t\t<div class=\"elementor-widget-wrap elementor-element-populated\">\n\t\t\t\t\t\t<div class=\"elementor-element elementor-element-0c66436 elementor-widget elementor-widget-heading\" data-id=\"0c66436\" data-element_type=\"widget\" data-e-type=\"widget\" data-widget_type=\"heading.default\">\n\t\t\t\t<div class=\"elementor-widget-container\">\n\t\t\t\t\t<h4 class=\"elementor-heading-title elementor-size-default\">O\u00f9 voulez-vous aller aujourd'hui ?<\/h4>\t\t\t\t<\/div>\n\t\t\t\t<\/div>\n\t\t\t\t<div class=\"elementor-element elementor-element-352a150 elementor-widget elementor-widget-heading\" data-id=\"352a150\" data-element_type=\"widget\" data-e-type=\"widget\" data-widget_type=\"heading.default\">\n\t\t\t\t<div class=\"elementor-widget-container\">\n\t\t\t\t\t<h2 class=\"elementor-heading-title elementor-size-default\">Laissez-vous guider par la beaut\u00e9<\/h2>\t\t\t\t<\/div>\n\t\t\t\t<\/div>\n\t\t\t\t<div class=\"elementor-element elementor-element-371c081 elementor-widget elementor-widget-text-editor\" data-id=\"371c081\" data-element_type=\"widget\" data-e-type=\"widget\" data-widget_type=\"text-editor.default\">\n\t\t\t\t<div class=\"elementor-widget-container\">\n\t\t\t\t\t\t\t\t\t<p>Notre r\u00e9gion est un v\u00e9ritable paradis pour les <strong>passionn\u00e9s de v\u00e9lo<\/strong>, avec un vaste choix de <strong>pistes cyclables<\/strong> pour faire du v\u00e9lo en couple ou entre amis, des <strong>itin\u00e9raires panoramiques<\/strong> \u00e0 vous couper le souffle et des chemins de terre pour les vrais amateurs de <strong>freeride<\/strong>. Ne manquez pas l&rsquo;occasion de vivre une exp\u00e9rience unique. Laissez notre Bike Manager vous guider \u00e0 travers les parcours les plus adapt\u00e9s \u00e0 votre pr\u00e9paration sportive et \u00e0 votre envie de <strong>d\u00e9couvrir de nouveaux lieux<\/strong>.<\/p>\t\t\t\t\t\t\t\t<\/div>\n\t\t\t\t<\/div>\n\t\t\t\t<div class=\"elementor-element elementor-element-557acca lapieve-signature elementor-widget elementor-widget-heading\" data-id=\"557acca\" data-element_type=\"widget\" data-e-type=\"widget\" data-widget_type=\"heading.default\">\n\t\t\t\t<div class=\"elementor-widget-container\">\n\t\t\t\t\t<h3 class=\"elementor-heading-title elementor-size-default\">Montez en selle avec nous<\/h3>\t\t\t\t<\/div>\n\t\t\t\t<\/div>\n\t\t\t\t\t<\/div>\n\t\t<\/div>\n\t\t\t\t\t<\/div>\n\t\t<\/section>\n\t\t\t\t<section class=\"elementor-section elementor-top-section elementor-element elementor-element-22af7fa lapieve-routes elementor-section-boxed elementor-section-height-default elementor-section-height-default\" data-id=\"22af7fa\" data-element_type=\"section\" data-e-type=\"section\" data-settings=\"{&quot;background_background&quot;:&quot;classic&quot;}\">\n\t\t\t\t\t\t<div class=\"elementor-container elementor-column-gap-default\">\n\t\t\t\t\t<div class=\"elementor-column elementor-col-100 elementor-top-column elementor-element elementor-element-329b6b2\" data-id=\"329b6b2\" data-element_type=\"column\" data-e-type=\"column\">\n\t\t\t<div class=\"elementor-widget-wrap\">\n\t\t\t\t\t\t\t<\/div>\n\t\t<\/div>\n\t\t\t\t\t<\/div>\n\t\t<\/section>\n\t\t\t\t<section class=\"elementor-section elementor-top-section elementor-element elementor-element-c5471ee lapieve-text text-center text-long lapieve-partners  elementor-section-boxed elementor-section-height-default elementor-section-height-default\" data-id=\"c5471ee\" data-element_type=\"section\" data-e-type=\"section\" data-settings=\"{&quot;background_background&quot;:&quot;classic&quot;}\">\n\t\t\t\t\t\t\t<div class=\"elementor-background-overlay\"><\/div>\n\t\t\t\t\t\t\t<div class=\"elementor-container elementor-column-gap-default\">\n\t\t\t\t\t<div class=\"elementor-column elementor-col-100 elementor-top-column elementor-element elementor-element-678d79a\" data-id=\"678d79a\" data-element_type=\"column\" data-e-type=\"column\">\n\t\t\t<div class=\"elementor-widget-wrap elementor-element-populated\">\n\t\t\t\t\t\t<div class=\"elementor-element elementor-element-88c01c5 elementor-widget elementor-widget-heading\" data-id=\"88c01c5\" data-element_type=\"widget\" data-e-type=\"widget\" data-widget_type=\"heading.default\">\n\t\t\t\t<div class=\"elementor-widget-container\">\n\t\t\t\t\t<h4 class=\"elementor-heading-title elementor-size-default\">Cyclotourisme de qualit\u00e9<\/h4>\t\t\t\t<\/div>\n\t\t\t\t<\/div>\n\t\t\t\t<div class=\"elementor-element elementor-element-d2e4f27 elementor-widget elementor-widget-heading\" data-id=\"d2e4f27\" data-element_type=\"widget\" data-e-type=\"widget\" data-widget_type=\"heading.default\">\n\t\t\t\t<div class=\"elementor-widget-container\">\n\t\t\t\t\t<h2 class=\"elementor-heading-title elementor-size-default\">Notre passion \u00e0 votre service<\/h2>\t\t\t\t<\/div>\n\t\t\t\t<\/div>\n\t\t\t\t<div class=\"elementor-element elementor-element-fc23154 elementor-widget elementor-widget-text-editor\" data-id=\"fc23154\" data-element_type=\"widget\" data-e-type=\"widget\" data-widget_type=\"text-editor.default\">\n\t\t\t\t<div class=\"elementor-widget-container\">\n\t\t\t\t\t\t\t\t\t<p>Notre engagement envers le cyclotourisme a \u00e9t\u00e9 r\u00e9compens\u00e9 en \u00e9tant <strong>reconnus<\/strong> comme le seul <strong>Italy Bike Hotel<\/strong> sur le lac d&rsquo;Iseo. Nous avons \u00e9galement \u00e9t\u00e9 choisis comme \u00e9tape des voyages \u00e0 v\u00e9lo organis\u00e9s par Italy Bike Tours.<\/p>\t\t\t\t\t\t\t\t<\/div>\n\t\t\t\t<\/div>\n\t\t\t\t<div class=\"elementor-element elementor-element-1b7cbe6 lapieve-signature elementor-widget elementor-widget-heading\" data-id=\"1b7cbe6\" data-element_type=\"widget\" data-e-type=\"widget\" data-widget_type=\"heading.default\">\n\t\t\t\t<div class=\"elementor-widget-container\">\n\t\t\t\t\t<h3 class=\"elementor-heading-title elementor-size-default\">R\u00e9servez d\u00e8s maintenant et profitez d'une aventure inoubliable<\/h3>\t\t\t\t<\/div>\n\t\t\t\t<\/div>\n\t\t\t\t<section class=\"elementor-section elementor-inner-section elementor-element elementor-element-ad23f49 lapieve-partners-container elementor-section-boxed elementor-section-height-default elementor-section-height-default\" data-id=\"ad23f49\" data-element_type=\"section\" data-e-type=\"section\">\n\t\t\t\t\t\t<div class=\"elementor-container elementor-column-gap-default\">\n\t\t\t\t\t<div class=\"elementor-column elementor-col-33 elementor-inner-column elementor-element elementor-element-665b73a\" data-id=\"665b73a\" data-element_type=\"column\" data-e-type=\"column\">\n\t\t\t<div class=\"elementor-widget-wrap elementor-element-populated\">\n\t\t\t\t\t\t<div class=\"elementor-element elementor-element-bbe8e6e lapieve-partner-1 elementor-widget elementor-widget-image\" data-id=\"bbe8e6e\" data-element_type=\"widget\" data-e-type=\"widget\" data-widget_type=\"image.default\">\n\t\t\t\t<div class=\"elementor-widget-container\">\n\t\t\t\t\t\t\t\t\t\t\t\t\t\t\t<img fetchpriority=\"high\" decoding=\"async\" width=\"638\" height=\"418\" src=\"https:\/\/www.lakehotellapieve.it\/wp-content\/uploads\/2022\/12\/logo-lago-iseo.png\" class=\"attachment-full size-full wp-image-2490\" alt=\"Logo stylis\u00e9 du Lago d&#039;Iseo avec un oiseau sur le &quot;L&quot;.\" srcset=\"https:\/\/www.lakehotellapieve.it\/wp-content\/uploads\/2022\/12\/logo-lago-iseo.png 638w, https:\/\/www.lakehotellapieve.it\/wp-content\/uploads\/2022\/12\/logo-lago-iseo-300x197.png 300w, https:\/\/www.lakehotellapieve.it\/wp-content\/uploads\/2022\/12\/logo-lago-iseo-600x393.png 600w\" sizes=\"(max-width: 638px) 100vw, 638px\" \/>\t\t\t\t\t\t\t\t\t\t\t\t\t\t\t<\/div>\n\t\t\t\t<\/div>\n\t\t\t\t\t<\/div>\n\t\t<\/div>\n\t\t\t\t<div class=\"elementor-column elementor-col-33 elementor-inner-column elementor-element elementor-element-b8eb2cc\" data-id=\"b8eb2cc\" data-element_type=\"column\" data-e-type=\"column\">\n\t\t\t<div class=\"elementor-widget-wrap elementor-element-populated\">\n\t\t\t\t\t\t<div class=\"elementor-element elementor-element-020e9c0 lapieve-partner-2 elementor-widget elementor-widget-image\" data-id=\"020e9c0\" data-element_type=\"widget\" data-e-type=\"widget\" data-widget_type=\"image.default\">\n\t\t\t\t<div class=\"elementor-widget-container\">\n\t\t\t\t\t\t\t\t\t\t\t\t\t\t\t<img decoding=\"async\" width=\"708\" height=\"336\" src=\"https:\/\/www.lakehotellapieve.it\/wp-content\/uploads\/2022\/12\/logo-italy-bike-tours.png\" class=\"attachment-full size-full wp-image-2498\" alt=\"Logo avec texte &quot;Italy Bike Tours&quot; et illustration de montagnes et de cycliste stylis\u00e9.\" srcset=\"https:\/\/www.lakehotellapieve.it\/wp-content\/uploads\/2022\/12\/logo-italy-bike-tours.png 708w, https:\/\/www.lakehotellapieve.it\/wp-content\/uploads\/2022\/12\/logo-italy-bike-tours-300x142.png 300w, https:\/\/www.lakehotellapieve.it\/wp-content\/uploads\/2022\/12\/logo-italy-bike-tours-600x285.png 600w\" sizes=\"(max-width: 708px) 100vw, 708px\" \/>\t\t\t\t\t\t\t\t\t\t\t\t\t\t\t<\/div>\n\t\t\t\t<\/div>\n\t\t\t\t\t<\/div>\n\t\t<\/div>\n\t\t\t\t<div class=\"elementor-column elementor-col-33 elementor-inner-column elementor-element elementor-element-8101507\" data-id=\"8101507\" data-element_type=\"column\" data-e-type=\"column\">\n\t\t\t<div class=\"elementor-widget-wrap elementor-element-populated\">\n\t\t\t\t\t\t<div class=\"elementor-element elementor-element-0255390 lapieve-partner-3 elementor-widget elementor-widget-image\" data-id=\"0255390\" data-element_type=\"widget\" data-e-type=\"widget\" data-widget_type=\"image.default\">\n\t\t\t\t<div class=\"elementor-widget-container\">\n\t\t\t\t\t\t\t\t\t\t\t\t\t\t\t<img decoding=\"async\" width=\"344\" height=\"460\" src=\"https:\/\/www.lakehotellapieve.it\/wp-content\/uploads\/2022\/12\/logo-italy-bike-hotels.png\" class=\"attachment-full size-full wp-image-2494\" alt=\"Logo &quot;Italy Bike Hotels&quot; avec une bande aux couleurs de l&#039;Italie et le texte &quot;Riding Together Since 2000&quot;.\" srcset=\"https:\/\/www.lakehotellapieve.it\/wp-content\/uploads\/2022\/12\/logo-italy-bike-hotels.png 344w, https:\/\/www.lakehotellapieve.it\/wp-content\/uploads\/2022\/12\/logo-italy-bike-hotels-224x300.png 224w\" sizes=\"(max-width: 344px) 100vw, 344px\" \/>\t\t\t\t\t\t\t\t\t\t\t\t\t\t\t<\/div>\n\t\t\t\t<\/div>\n\t\t\t\t\t<\/div>\n\t\t<\/div>\n\t\t\t\t\t<\/div>\n\t\t<\/section>\n\t\t\t\t\t<\/div>\n\t\t<\/div>\n\t\t\t\t\t<\/div>\n\t\t<\/section>\n\t\t\t\t<\/div>\n\t\t","protected":false},"excerpt":{"rendered":"<p>Nouveaux horizons sur le lac ITIN\u00c9RAIRES V\u00c9LO L&rsquo;aventure vous attend au bord du lac d&rsquo;Iseo. O\u00f9 voulez-vous aller aujourd&rsquo;hui ? Laissez-vous guider par la beaut\u00e9 Notre r\u00e9gion est un v\u00e9ritable paradis pour les passionn\u00e9s de v\u00e9lo, avec un vaste choix de pistes cyclables pour faire du v\u00e9lo en couple ou entre amis, des itin\u00e9raires panoramiques [&hellip;]<\/p>\n","protected":false},"author":1,"featured_media":0,"parent":0,"menu_order":0,"comment_status":"closed","ping_status":"closed","template":"page-templates\/home.php","meta":{"_acf_changed":false,"footnotes":""},"class_list":["post-3971","page","type-page","status-publish","hentry"],"acf":[],"yoast_head":"<!-- This site is optimized with the Yoast SEO plugin v27.2 - https:\/\/yoast.com\/product\/yoast-seo-wordpress\/ -->\n<title>Itin\u00e9raires pour cyclistes lac Iseo| Bike Hotel La Pieve<\/title>\n<meta name=\"description\" content=\"D\u00e9couvrez les itin\u00e9raires pittoresques et les pistes cyclables sur le lac Iseo, et faites le tour du lac avec votre amoureux, votre famille ou vos amis. VTT ou v\u00e9lo de course ? Amusez-vous !\" \/>\n<meta name=\"robots\" content=\"index, follow, max-snippet:-1, max-image-preview:large, max-video-preview:-1\" \/>\n<link rel=\"canonical\" href=\"https:\/\/www.lakehotellapieve.it\/itinerari-bici-lago-iseo\/\" \/>\n<meta property=\"og:locale\" content=\"fr_FR\" \/>\n<meta property=\"og:type\" content=\"article\" \/>\n<meta property=\"og:title\" content=\"Itin\u00e9raires pour cyclistes lac Iseo| Bike Hotel La Pieve\" \/>\n<meta property=\"og:description\" content=\"D\u00e9couvrez les itin\u00e9raires pittoresques et les pistes cyclables sur le lac Iseo, et faites le tour du lac avec votre amoureux, votre famille ou vos amis. VTT ou v\u00e9lo de course ? Amusez-vous !\" \/>\n<meta property=\"og:url\" content=\"https:\/\/www.lakehotellapieve.it\/itinerari-bici-lago-iseo\/\" \/>\n<meta property=\"og:site_name\" content=\"Lake Hotel La Pieve\" \/>\n<meta property=\"article:modified_time\" content=\"2023-05-24T14:48:06+00:00\" \/>\n<meta property=\"og:image\" content=\"https:\/\/www.lakehotellapieve.it\/wp-content\/uploads\/ac_assets\/uc_post_grid_style_one\/\/no-image.png\" \/>\n<meta name=\"twitter:card\" content=\"summary_large_image\" \/>\n<meta name=\"twitter:label1\" content=\"Dur\u00e9e de lecture estim\u00e9e\" \/>\n\t<meta name=\"twitter:data1\" content=\"3 minutes\" \/>\n<script type=\"application\/ld+json\" class=\"yoast-schema-graph\">{\"@context\":\"https:\/\/schema.org\",\"@graph\":[{\"@type\":\"WebPage\",\"@id\":\"https:\/\/www.lakehotellapieve.it\/itinerari-bici-lago-iseo\/\",\"url\":\"https:\/\/www.lakehotellapieve.it\/itinerari-bici-lago-iseo\/\",\"name\":\"Itin\u00e9raires pour cyclistes lac Iseo| Bike Hotel La Pieve\",\"isPartOf\":{\"@id\":\"https:\/\/www.lakehotellapieve.it\/#website\"},\"primaryImageOfPage\":{\"@id\":\"https:\/\/www.lakehotellapieve.it\/itinerari-bici-lago-iseo\/#primaryimage\"},\"image\":{\"@id\":\"https:\/\/www.lakehotellapieve.it\/itinerari-bici-lago-iseo\/#primaryimage\"},\"thumbnailUrl\":\"https:\/\/www.lakehotellapieve.it\/wp-content\/uploads\/ac_assets\/uc_post_grid_style_one\/\/no-image.png\",\"datePublished\":\"2022-12-11T08:55:46+00:00\",\"dateModified\":\"2023-05-24T14:48:06+00:00\",\"description\":\"D\u00e9couvrez les itin\u00e9raires pittoresques et les pistes cyclables sur le lac Iseo, et faites le tour du lac avec votre amoureux, votre famille ou vos amis. VTT ou v\u00e9lo de course ? Amusez-vous !\",\"breadcrumb\":{\"@id\":\"https:\/\/www.lakehotellapieve.it\/itinerari-bici-lago-iseo\/#breadcrumb\"},\"inLanguage\":\"fr-FR\",\"potentialAction\":[{\"@type\":\"ReadAction\",\"target\":[\"https:\/\/www.lakehotellapieve.it\/itinerari-bici-lago-iseo\/\"]}]},{\"@type\":\"ImageObject\",\"inLanguage\":\"fr-FR\",\"@id\":\"https:\/\/www.lakehotellapieve.it\/itinerari-bici-lago-iseo\/#primaryimage\",\"url\":\"https:\/\/www.lakehotellapieve.it\/wp-content\/uploads\/ac_assets\/uc_post_grid_style_one\/\/no-image.png\",\"contentUrl\":\"https:\/\/www.lakehotellapieve.it\/wp-content\/uploads\/ac_assets\/uc_post_grid_style_one\/\/no-image.png\"},{\"@type\":\"BreadcrumbList\",\"@id\":\"https:\/\/www.lakehotellapieve.it\/itinerari-bici-lago-iseo\/#breadcrumb\",\"itemListElement\":[{\"@type\":\"ListItem\",\"position\":1,\"name\":\"Home\",\"item\":\"https:\/\/www.lakehotellapieve.it\/fr\/\"},{\"@type\":\"ListItem\",\"position\":2,\"name\":\"Bike Itineraries\"}]},{\"@type\":\"WebSite\",\"@id\":\"https:\/\/www.lakehotellapieve.it\/#website\",\"url\":\"https:\/\/www.lakehotellapieve.it\/\",\"name\":\"Lake Hotel La Pieve\",\"description\":\"Ti aspettiamo per un soggiorno di benessere\",\"potentialAction\":[{\"@type\":\"SearchAction\",\"target\":{\"@type\":\"EntryPoint\",\"urlTemplate\":\"https:\/\/www.lakehotellapieve.it\/?s={search_term_string}\"},\"query-input\":{\"@type\":\"PropertyValueSpecification\",\"valueRequired\":true,\"valueName\":\"search_term_string\"}}],\"inLanguage\":\"fr-FR\"}]}<\/script>\n<!-- \/ Yoast SEO plugin. -->","yoast_head_json":{"title":"Itin\u00e9raires pour cyclistes lac Iseo| Bike Hotel La Pieve","description":"D\u00e9couvrez les itin\u00e9raires pittoresques et les pistes cyclables sur le lac Iseo, et faites le tour du lac avec votre amoureux, votre famille ou vos amis. VTT ou v\u00e9lo de course ? Amusez-vous !","robots":{"index":"index","follow":"follow","max-snippet":"max-snippet:-1","max-image-preview":"max-image-preview:large","max-video-preview":"max-video-preview:-1"},"canonical":"https:\/\/www.lakehotellapieve.it\/itinerari-bici-lago-iseo\/","og_locale":"fr_FR","og_type":"article","og_title":"Itin\u00e9raires pour cyclistes lac Iseo| Bike Hotel La Pieve","og_description":"D\u00e9couvrez les itin\u00e9raires pittoresques et les pistes cyclables sur le lac Iseo, et faites le tour du lac avec votre amoureux, votre famille ou vos amis. VTT ou v\u00e9lo de course ? Amusez-vous !","og_url":"https:\/\/www.lakehotellapieve.it\/itinerari-bici-lago-iseo\/","og_site_name":"Lake Hotel La Pieve","article_modified_time":"2023-05-24T14:48:06+00:00","og_image":[{"url":"https:\/\/www.lakehotellapieve.it\/wp-content\/uploads\/ac_assets\/uc_post_grid_style_one\/\/no-image.png","type":"","width":"","height":""}],"twitter_card":"summary_large_image","twitter_misc":{"Dur\u00e9e de lecture estim\u00e9e":"3 minutes"},"schema":{"@context":"https:\/\/schema.org","@graph":[{"@type":"WebPage","@id":"https:\/\/www.lakehotellapieve.it\/itinerari-bici-lago-iseo\/","url":"https:\/\/www.lakehotellapieve.it\/itinerari-bici-lago-iseo\/","name":"Itin\u00e9raires pour cyclistes lac Iseo| Bike Hotel La Pieve","isPartOf":{"@id":"https:\/\/www.lakehotellapieve.it\/#website"},"primaryImageOfPage":{"@id":"https:\/\/www.lakehotellapieve.it\/itinerari-bici-lago-iseo\/#primaryimage"},"image":{"@id":"https:\/\/www.lakehotellapieve.it\/itinerari-bici-lago-iseo\/#primaryimage"},"thumbnailUrl":"https:\/\/www.lakehotellapieve.it\/wp-content\/uploads\/ac_assets\/uc_post_grid_style_one\/\/no-image.png","datePublished":"2022-12-11T08:55:46+00:00","dateModified":"2023-05-24T14:48:06+00:00","description":"D\u00e9couvrez les itin\u00e9raires pittoresques et les pistes cyclables sur le lac Iseo, et faites le tour du lac avec votre amoureux, votre famille ou vos amis. VTT ou v\u00e9lo de course ? Amusez-vous !","breadcrumb":{"@id":"https:\/\/www.lakehotellapieve.it\/itinerari-bici-lago-iseo\/#breadcrumb"},"inLanguage":"fr-FR","potentialAction":[{"@type":"ReadAction","target":["https:\/\/www.lakehotellapieve.it\/itinerari-bici-lago-iseo\/"]}]},{"@type":"ImageObject","inLanguage":"fr-FR","@id":"https:\/\/www.lakehotellapieve.it\/itinerari-bici-lago-iseo\/#primaryimage","url":"https:\/\/www.lakehotellapieve.it\/wp-content\/uploads\/ac_assets\/uc_post_grid_style_one\/\/no-image.png","contentUrl":"https:\/\/www.lakehotellapieve.it\/wp-content\/uploads\/ac_assets\/uc_post_grid_style_one\/\/no-image.png"},{"@type":"BreadcrumbList","@id":"https:\/\/www.lakehotellapieve.it\/itinerari-bici-lago-iseo\/#breadcrumb","itemListElement":[{"@type":"ListItem","position":1,"name":"Home","item":"https:\/\/www.lakehotellapieve.it\/fr\/"},{"@type":"ListItem","position":2,"name":"Bike Itineraries"}]},{"@type":"WebSite","@id":"https:\/\/www.lakehotellapieve.it\/#website","url":"https:\/\/www.lakehotellapieve.it\/","name":"Lake Hotel La Pieve","description":"Ti aspettiamo per un soggiorno di benessere","potentialAction":[{"@type":"SearchAction","target":{"@type":"EntryPoint","urlTemplate":"https:\/\/www.lakehotellapieve.it\/?s={search_term_string}"},"query-input":{"@type":"PropertyValueSpecification","valueRequired":true,"valueName":"search_term_string"}}],"inLanguage":"fr-FR"}]}},"_links":{"self":[{"href":"https:\/\/www.lakehotellapieve.it\/fr\/wp-json\/wp\/v2\/pages\/3971","targetHints":{"allow":["GET"]}}],"collection":[{"href":"https:\/\/www.lakehotellapieve.it\/fr\/wp-json\/wp\/v2\/pages"}],"about":[{"href":"https:\/\/www.lakehotellapieve.it\/fr\/wp-json\/wp\/v2\/types\/page"}],"author":[{"embeddable":true,"href":"https:\/\/www.lakehotellapieve.it\/fr\/wp-json\/wp\/v2\/users\/1"}],"replies":[{"embeddable":true,"href":"https:\/\/www.lakehotellapieve.it\/fr\/wp-json\/wp\/v2\/comments?post=3971"}],"version-history":[{"count":0,"href":"https:\/\/www.lakehotellapieve.it\/fr\/wp-json\/wp\/v2\/pages\/3971\/revisions"}],"wp:attachment":[{"href":"https:\/\/www.lakehotellapieve.it\/fr\/wp-json\/wp\/v2\/media?parent=3971"}],"curies":[{"name":"wp","href":"https:\/\/api.w.org\/{rel}","templated":true}]}}